{"id":12,"date":"2025-10-30T09:53:38","date_gmt":"2025-10-30T09:53:38","guid":{"rendered":"https:\/\/kloak.clark.dk\/?page_id=12"},"modified":"2025-11-21T07:50:46","modified_gmt":"2025-11-21T07:50:46","slug":"typiske-opgaver","status":"publish","type":"page","link":"https:\/\/kloakslam.dk\/?page_id=12","title":{"rendered":"Typiske opgaver"},"content":{"rendered":"<p><div class=\"fusion-fullwidth fullwidth-box fusion-builder-row-1 fusion-flex-container has-pattern-background has-mask-background fusion-parallax-none nonhundred-percent-fullwidth non-hundred-percent-height-scrolling\" style=\"--awb-background-blend-mode:overlay;--awb-border-radius-top-left:0px;--awb-border-radius-top-right:0px;--awb-border-radius-bottom-right:0px;--awb-border-radius-bottom-left:0px;--awb-padding-top:35px;--awb-padding-bottom:35px;--awb-margin-top:0px;--awb-background-color:rgba(255,255,255,0.25);--awb-background-image:url(&quot;https:\/\/kloakslam.dk\/wp-content\/uploads\/2025\/10\/shutterstock-326125577.jpg&quot;);--awb-background-size:cover;--awb-flex-wrap:wrap;\" ><div class=\"awb-background-slider\" data-type=\"container\" data-loop=\"yes\" data-animation=\"fade\" data-slideshow-speed=\"5000\" data-animation-speed=\"800\" data-direction=\"up\" style=\"--awb-image-position:50% 50%;\"><div class=\"swiper-wrapper\"><div class=\"swiper-slide\"><\/div><\/div><\/div><div class=\"fusion-builder-row fusion-row fusion-flex-align-items-flex-start fusion-flex-content-wrap\" style=\"max-width:1248px;margin-left: calc(-4% \/ 2 );margin-right: calc(-4% \/ 2 );\"><div class=\"fusion-layout-column fusion_builder_column fusion-builder-column-0 fusion_builder_column_1_1 1_1 fusion-flex-column\" style=\"--awb-bg-size:cover;--awb-width-large:100%;--awb-margin-top-large:0px;--awb-spacing-right-large:1.92%;--awb-margin-bottom-large:20px;--awb-spacing-left-large:1.92%;--awb-width-medium:100%;--awb-order-medium:0;--awb-spacing-right-medium:1.92%;--awb-spacing-left-medium:1.92%;--awb-width-small:100%;--awb-order-small:0;--awb-spacing-right-small:1.92%;--awb-spacing-left-small:1.92%;\"><div class=\"fusion-column-wrapper fusion-column-has-shadow fusion-flex-justify-content-flex-start fusion-content-layout-column\"><div class=\"fusion-title title fusion-title-1 fusion-sep-none fusion-title-text fusion-title-size-one\" style=\"--awb-text-color:var(--awb-color1);\"><h1 class=\"fusion-title-heading title-heading-left\" style=\"font-family:var(--awb-typography2-font-family);font-weight:var(--awb-typography2-font-weight);font-style:var(--awb-typography2-font-style);margin:0;\">Typiske opgaver<\/h1><\/div><\/div><\/div><\/div><\/div>\n<div class=\"fusion-fullwidth fullwidth-box fusion-builder-row-2 fusion-flex-container has-pattern-background has-mask-background nonhundred-percent-fullwidth non-hundred-percent-height-scrolling\" style=\"--awb-border-radius-top-left:0px;--awb-border-radius-top-right:0px;--awb-border-radius-bottom-right:0px;--awb-border-radius-bottom-left:0px;--awb-padding-top:54px;--awb-flex-wrap:wrap;\" ><div class=\"fusion-builder-row fusion-row fusion-flex-align-items-flex-start fusion-flex-content-wrap\" style=\"max-width:1248px;margin-left: calc(-4% \/ 2 );margin-right: calc(-4% \/ 2 );\"><div class=\"fusion-layout-column fusion_builder_column fusion-builder-column-1 fusion_builder_column_1_1 1_1 fusion-flex-column\" style=\"--awb-bg-size:cover;--awb-width-large:100%;--awb-margin-top-large:39px;--awb-spacing-right-large:1.92%;--awb-margin-bottom-large:70px;--awb-spacing-left-large:1.92%;--awb-width-medium:100%;--awb-order-medium:0;--awb-spacing-right-medium:1.92%;--awb-spacing-left-medium:1.92%;--awb-width-small:100%;--awb-order-small:0;--awb-spacing-right-small:1.92%;--awb-spacing-left-small:1.92%;\"><div class=\"fusion-column-wrapper fusion-column-has-shadow fusion-flex-justify-content-flex-start fusion-content-layout-column\"><div class=\"fusion-text fusion-text-1\" style=\"--awb-text-font-family:var(--awb-typography4-font-family);--awb-text-font-weight:var(--awb-typography4-font-weight);--awb-text-font-style:var(--awb-typography4-font-style);\"><p><strong>Her kan du se en liste over typiske opgaver for os. Du er selvf\u00f8lgelig altid velkommen til at ringe til os, hvis lige pr\u00e6cis din type opgave, ikke er udspecificeret her.<\/strong><\/p>\n<\/div><div class=\"fusion-builder-row fusion-builder-row-inner fusion-row fusion-flex-align-items-flex-start fusion-flex-content-wrap\" style=\"width:104% !important;max-width:104% !important;margin-left: calc(-4% \/ 2 );margin-right: calc(-4% \/ 2 );\"><div class=\"fusion-layout-column fusion_builder_column_inner fusion-builder-nested-column-0 fusion_builder_column_inner_1_2 1_2 fusion-flex-column\" style=\"--awb-bg-size:cover;--awb-width-large:50%;--awb-margin-top-large:0px;--awb-spacing-right-large:3.84%;--awb-margin-bottom-large:20px;--awb-spacing-left-large:3.84%;--awb-width-medium:50%;--awb-order-medium:0;--awb-spacing-right-medium:3.84%;--awb-spacing-left-medium:3.84%;--awb-width-small:100%;--awb-order-small:0;--awb-spacing-right-small:1.92%;--awb-spacing-left-small:1.92%;\"><div class=\"fusion-column-wrapper fusion-column-has-shadow fusion-flex-justify-content-flex-start fusion-content-layout-column\"><div class=\"fusion-text fusion-text-2\" style=\"--awb-text-font-family:var(--awb-typography4-font-family);--awb-text-font-weight:var(--awb-typography4-font-weight);--awb-text-font-style:var(--awb-typography4-font-style);\"><ul>\n<li>Rensning af tilstoppede toiletter, k\u00f8kkenvask, h\u00e5ndvask, gulvafl\u00f8b<\/li>\n<li>Almindelig vedligehold (sugning af sumpe\/pumpestationer)<\/li>\n<li>Sug og spuling ved havari, nedbrud, str\u00f8msvigt<\/li>\n<li>Spuling og reng\u00f8ring ved nedt\u00f8mning af tanke og bassiner<\/li>\n<li>T\u00f8mning af sandfang og vejbr\u00f8nde<\/li>\n<li>T\u00f8mning af fedtsamler og k\u00f8kkenbr\u00f8nde<\/li>\n<li>T\u00f8mning af septictanke, trixtanke og spildevandstanke<\/li>\n<li>Rensning af faldstammer og nedl\u00f8bsr\u00f8r<\/li>\n<li>H\u00f8jtrykspuling<\/li>\n<\/ul>\n<\/div><\/div><\/div><div class=\"fusion-layout-column fusion_builder_column_inner fusion-builder-nested-column-1 fusion_builder_column_inner_1_2 1_2 fusion-flex-column\" style=\"--awb-bg-size:cover;--awb-width-large:50%;--awb-margin-top-large:0px;--awb-spacing-right-large:3.84%;--awb-margin-bottom-large:20px;--awb-spacing-left-large:3.84%;--awb-width-medium:50%;--awb-order-medium:0;--awb-spacing-right-medium:3.84%;--awb-spacing-left-medium:3.84%;--awb-width-small:100%;--awb-order-small:0;--awb-spacing-right-small:1.92%;--awb-spacing-left-small:1.92%;\"><div class=\"fusion-column-wrapper fusion-column-has-shadow fusion-flex-justify-content-flex-start fusion-content-layout-column\"><div class=\"fusion-text fusion-text-3\" style=\"--awb-text-font-family:var(--awb-typography4-font-family);--awb-text-font-weight:var(--awb-typography4-font-weight);--awb-text-font-style:var(--awb-typography4-font-style);\"><ul>\n<li>Rodsk\u00e6ring<\/li>\n<li>Fr\u00e6sning og andre specialopgaver<\/li>\n<li>S\u00f8gning af br\u00f8nde og ledninger med sonde<\/li>\n<li>Mulighed for TV- inspektion af kloakproblemer fra \u00d835<\/li>\n<li>Transport af slam og olie<\/li>\n<li>Farlig gods transport (ADR)<\/li>\n<li>Special opgaver med friskluftudstyr og kemidragter<\/li>\n<li>Leje af container samt mandskabvogne.<\/li>\n<li>Separering af kloak- og regnvand<\/li>\n<\/ul>\n<\/div><\/div><\/div><\/div><\/div><\/div><\/div><\/div><div class=\"fusion-fullwidth fullwidth-box fusion-builder-row-3 fusion-flex-container has-pattern-background has-mask-background hundred-percent-fullwidth non-hundred-percent-height-scrolling\" style=\"--awb-border-radius-top-left:0px;--awb-border-radius-top-right:0px;--awb-border-radius-bottom-right:0px;--awb-border-radius-bottom-left:0px;--awb-padding-top:0px;--awb-padding-right:0px;--awb-padding-bottom:0px;--awb-padding-left:0px;--awb-margin-top:0px;--awb-margin-bottom:0px;--awb-flex-wrap:wrap;\" ><div class=\"fusion-builder-row fusion-row fusion-flex-align-items-flex-start fusion-flex-content-wrap\" style=\"width:104% !important;max-width:104% !important;margin-left: calc(-4% \/ 2 );margin-right: calc(-4% \/ 2 );\"><div class=\"fusion-layout-column fusion_builder_column fusion-builder-column-2 fusion_builder_column_1_1 1_1 fusion-flex-column\" style=\"--awb-padding-top:0px;--awb-padding-right:0px;--awb-padding-bottom:0px;--awb-padding-left:0px;--awb-bg-size:cover;--awb-width-large:100%;--awb-margin-top-large:0px;--awb-spacing-right-large:0px;--awb-margin-bottom-large:0px;--awb-spacing-left-large:0px;--awb-width-medium:100%;--awb-order-medium:0;--awb-spacing-right-medium:0px;--awb-spacing-left-medium:0px;--awb-width-small:100%;--awb-order-small:0;--awb-spacing-right-small:1.92%;--awb-spacing-left-small:1.92%;\"><div class=\"fusion-column-wrapper fusion-column-has-shadow fusion-flex-justify-content-flex-start fusion-content-layout-column\"><div class=\"fusion-image-carousel fusion-image-carousel-auto fusion-image-carousel-1\"><div class=\"awb-carousel awb-swiper awb-swiper-carousel awb-carousel--carousel awb-swiper-dots-position-bottom\" data-layout=\"carousel\" data-autoplay=\"yes\" data-autoplayspeed=\"2500\" data-autoplaypause=\"no\" data-columns=\"4.5\" data-columnsmedium=\"1\" data-columnssmall=\"1\" data-itemmargin=\"0\" data-itemwidth=\"180\" data-touchscroll=\"no\" data-freemode=\"no\" data-imagesize=\"auto\" data-scrollitems=\"0\" data-centeredslides=\"no\" data-rotationangle=\"50\" data-depth=\"100\" data-speed=\"1300\" data-shadow=\"no\" data-pagination=\"bullets\" style=\"--awb-columns:4.5;--awb-column-spacing:0px;--awb-arrow-size:50px;--awb-arrow-box-width:50px;--awb-arrow-box-height:50px;--awb-dots-align:center;\"><div class=\"swiper-wrapper awb-image-carousel-wrapper fusion-flex-align-items-center\"><div class=\"swiper-slide\"><div class=\"fusion-carousel-item-wrapper\"><div class=\"fusion-image-wrapper hover-type-none\"><img decoding=\"async\" width=\"500\" height=\"500\" src=\"https:\/\/kloakslam.dk\/wp-content\/uploads\/2025\/10\/4kloakmester-500x500-1.jpg\" class=\"attachment-full size-full\" alt=\"\" srcset=\"https:\/\/kloakslam.dk\/wp-content\/uploads\/2025\/10\/4kloakmester-500x500-1-200x200.jpg 200w, https:\/\/kloakslam.dk\/wp-content\/uploads\/2025\/10\/4kloakmester-500x500-1-400x400.jpg 400w, https:\/\/kloakslam.dk\/wp-content\/uploads\/2025\/10\/4kloakmester-500x500-1.jpg 500w\" sizes=\"(min-width: 2200px) 100vw, (min-width: 856px) 300px, (min-width: 784px) 400px, (min-width: 712px) 600px, (min-width: 640px) 712px, \" \/><\/div><\/div><\/div><div class=\"swiper-slide\"><div class=\"fusion-carousel-item-wrapper\"><div class=\"fusion-image-wrapper hover-type-none\"><img decoding=\"async\" width=\"500\" height=\"500\" src=\"https:\/\/kloakslam.dk\/wp-content\/uploads\/2025\/10\/3tv-500x500-1.jpg\" class=\"attachment-full size-full\" alt=\"\" srcset=\"https:\/\/kloakslam.dk\/wp-content\/uploads\/2025\/10\/3tv-500x500-1-200x200.jpg 200w, https:\/\/kloakslam.dk\/wp-content\/uploads\/2025\/10\/3tv-500x500-1-400x400.jpg 400w, https:\/\/kloakslam.dk\/wp-content\/uploads\/2025\/10\/3tv-500x500-1.jpg 500w\" sizes=\"(min-width: 2200px) 100vw, (min-width: 856px) 300px, (min-width: 784px) 400px, (min-width: 712px) 600px, (min-width: 640px) 712px, \" \/><\/div><\/div><\/div><div class=\"swiper-slide\"><div class=\"fusion-carousel-item-wrapper\"><div class=\"fusion-image-wrapper hover-type-none\"><img decoding=\"async\" width=\"500\" height=\"500\" src=\"https:\/\/kloakslam.dk\/wp-content\/uploads\/2025\/10\/1kolakrensning-500x500-1.jpg\" class=\"attachment-full size-full\" alt=\"\" srcset=\"https:\/\/kloakslam.dk\/wp-content\/uploads\/2025\/10\/1kolakrensning-500x500-1-200x200.jpg 200w, https:\/\/kloakslam.dk\/wp-content\/uploads\/2025\/10\/1kolakrensning-500x500-1-400x400.jpg 400w, https:\/\/kloakslam.dk\/wp-content\/uploads\/2025\/10\/1kolakrensning-500x500-1.jpg 500w\" sizes=\"(min-width: 2200px) 100vw, (min-width: 856px) 300px, (min-width: 784px) 400px, (min-width: 712px) 600px, (min-width: 640px) 712px, \" \/><\/div><\/div><\/div><div class=\"swiper-slide\"><div class=\"fusion-carousel-item-wrapper\"><div class=\"fusion-image-wrapper hover-type-none\"><img decoding=\"async\" width=\"500\" height=\"500\" src=\"https:\/\/kloakslam.dk\/wp-content\/uploads\/2025\/11\/Afspuling-af-maling-1024x768-500x500-1.jpg\" class=\"attachment-full size-full\" alt=\"\" srcset=\"https:\/\/kloakslam.dk\/wp-content\/uploads\/2025\/11\/Afspuling-af-maling-1024x768-500x500-1-200x200.jpg 200w, https:\/\/kloakslam.dk\/wp-content\/uploads\/2025\/11\/Afspuling-af-maling-1024x768-500x500-1-400x400.jpg 400w, https:\/\/kloakslam.dk\/wp-content\/uploads\/2025\/11\/Afspuling-af-maling-1024x768-500x500-1.jpg 500w\" sizes=\"(min-width: 2200px) 100vw, (min-width: 856px) 300px, (min-width: 784px) 400px, (min-width: 712px) 600px, (min-width: 640px) 712px, \" \/><\/div><\/div><\/div><div class=\"swiper-slide\"><div class=\"fusion-carousel-item-wrapper\"><div class=\"fusion-image-wrapper hover-type-none\"><img decoding=\"async\" width=\"500\" height=\"500\" src=\"https:\/\/kloakslam.dk\/wp-content\/uploads\/2025\/10\/6special-500x500-1.jpg\" class=\"attachment-full size-full\" alt=\"\" srcset=\"https:\/\/kloakslam.dk\/wp-content\/uploads\/2025\/10\/6special-500x500-1-200x200.jpg 200w, https:\/\/kloakslam.dk\/wp-content\/uploads\/2025\/10\/6special-500x500-1-400x400.jpg 400w, https:\/\/kloakslam.dk\/wp-content\/uploads\/2025\/10\/6special-500x500-1.jpg 500w\" sizes=\"(min-width: 2200px) 100vw, (min-width: 856px) 300px, (min-width: 784px) 400px, (min-width: 712px) 600px, (min-width: 640px) 712px, \" \/><\/div><\/div><\/div><div class=\"swiper-slide\"><div class=\"fusion-carousel-item-wrapper\"><div class=\"fusion-image-wrapper hover-type-none\"><img decoding=\"async\" width=\"500\" height=\"500\" src=\"https:\/\/kloakslam.dk\/wp-content\/uploads\/2025\/10\/5tanktomningg-500x500-1.jpg\" class=\"attachment-full size-full\" alt=\"\" srcset=\"https:\/\/kloakslam.dk\/wp-content\/uploads\/2025\/10\/5tanktomningg-500x500-1-200x200.jpg 200w, https:\/\/kloakslam.dk\/wp-content\/uploads\/2025\/10\/5tanktomningg-500x500-1-400x400.jpg 400w, https:\/\/kloakslam.dk\/wp-content\/uploads\/2025\/10\/5tanktomningg-500x500-1.jpg 500w\" sizes=\"(min-width: 2200px) 100vw, (min-width: 856px) 300px, (min-width: 784px) 400px, (min-width: 712px) 600px, (min-width: 640px) 712px, \" \/><\/div><\/div><\/div><\/div><div class=\"awb-swiper-button awb-swiper-button-prev\"><i class=\"awb-icon-angle-left\" aria-hidden=\"true\"><\/i><\/div><div class=\"awb-swiper-button awb-swiper-button-next\"><i class=\"awb-icon-angle-right\" aria-hidden=\"true\"><\/i><\/div><\/div><\/div><\/div><\/div><\/div><\/div><\/p>\n","protected":false},"excerpt":{"rendered":"","protected":false},"author":1,"featured_media":0,"parent":0,"menu_order":0,"comment_status":"closed","ping_status":"closed","template":"100-width.php","meta":{"footnotes":""},"class_list":["post-12","page","type-page","status-publish","hentry"],"_links":{"self":[{"href":"https:\/\/kloakslam.dk\/index.php?rest_route=\/wp\/v2\/pages\/12","targetHints":{"allow":["GET"]}}],"collection":[{"href":"https:\/\/kloakslam.dk\/index.php?rest_route=\/wp\/v2\/pages"}],"about":[{"href":"https:\/\/kloakslam.dk\/index.php?rest_route=\/wp\/v2\/types\/page"}],"author":[{"embeddable":true,"href":"https:\/\/kloakslam.dk\/index.php?rest_route=\/wp\/v2\/users\/1"}],"replies":[{"embeddable":true,"href":"https:\/\/kloakslam.dk\/index.php?rest_route=%2Fwp%2Fv2%2Fcomments&post=12"}],"version-history":[{"count":14,"href":"https:\/\/kloakslam.dk\/index.php?rest_route=\/wp\/v2\/pages\/12\/revisions"}],"predecessor-version":[{"id":178,"href":"https:\/\/kloakslam.dk\/index.php?rest_route=\/wp\/v2\/pages\/12\/revisions\/178"}],"wp:attachment":[{"href":"https:\/\/kloakslam.dk\/index.php?rest_route=%2Fwp%2Fv2%2Fmedia&parent=12"}],"curies":[{"name":"wp","href":"https:\/\/api.w.org\/{rel}","templated":true}]}}